{"id":6672,"date":"2015-10-26T01:37:36","date_gmt":"2015-10-26T01:37:36","guid":{"rendered":"http:\/\/www.exposign.com.ar\/galeria\/"},"modified":"2022-10-28T11:43:08","modified_gmt":"2022-10-28T14:43:08","slug":"galeria-2","status":"publish","type":"page","link":"https:\/\/www.exposign.com.ar\/br\/galeria-2\/","title":{"rendered":"Galeria de Fotos"},"content":{"rendered":"<p>[vc_row][vc_column]\r\n    <div class=\"tz_maniva_meetup_title  tz_text_align_center\">\r\n\r\n        \r\n            <h3 style=\"color:#f4bf42\">\r\n                GALER\u00cdA            <\/h3>\r\n\r\n                \r\n                \r\n        \r\n            <div class=\"tz_meetup_title_content\">\r\n                <h5>Algumas fotografias da \u00faltima edi\u00e7\u00e3o<\/h5>\n            <\/div>\r\n\r\n        \r\n        \r\n    <\/div>\r\n\r\n    [\/vc_column][\/vc_row][vc_row][vc_column width=&#8221;1\/4&#8243;][vc_single_image image=&#8221;11776&#8243; img_size=&#8221;250&#215;250&#8243; alignment=&#8221;center&#8221; onclick=&#8221;link_image&#8221;][\/vc_column][vc_column width=&#8221;1\/4&#8243;][vc_single_image image=&#8221;11779&#8243; img_size=&#8221;250&#215;250&#8243; alignment=&#8221;center&#8221; onclick=&#8221;link_image&#8221;][\/vc_column][vc_column width=&#8221;1\/4&#8243;][vc_single_image image=&#8221;11782&#8243; img_size=&#8221;250&#215;250&#8243; alignment=&#8221;center&#8221; onclick=&#8221;link_image&#8221;][\/vc_column][vc_column width=&#8221;1\/4&#8243;][vc_single_image image=&#8221;11785&#8243; img_size=&#8221;250&#215;250&#8243; alignment=&#8221;center&#8221; onclick=&#8221;link_image&#8221;][\/vc_column][\/vc_row][vc_row][vc_column][vc_empty_space][\/vc_column][\/vc_row][vc_row][vc_column width=&#8221;1\/4&#8243;][vc_single_image image=&#8221;11788&#8243; img_size=&#8221;250&#215;250&#8243; alignment=&#8221;center&#8221; onclick=&#8221;link_image&#8221;][\/vc_column][vc_column width=&#8221;1\/4&#8243;][vc_single_image image=&#8221;11794&#8243; img_size=&#8221;250&#215;250&#8243; alignment=&#8221;center&#8221; onclick=&#8221;link_image&#8221;][\/vc_column][vc_column width=&#8221;1\/4&#8243;][vc_single_image image=&#8221;11797&#8243; img_size=&#8221;250&#215;250&#8243; alignment=&#8221;center&#8221; onclick=&#8221;link_image&#8221;][\/vc_column][vc_column width=&#8221;1\/4&#8243;][vc_single_image image=&#8221;11800&#8243; img_size=&#8221;250&#215;250&#8243; alignment=&#8221;center&#8221; onclick=&#8221;link_image&#8221;][\/vc_column][\/vc_row][vc_row][vc_column][vc_empty_space][\/vc_column][\/vc_row][vc_row][vc_column width=&#8221;1\/4&#8243;][vc_single_image image=&#8221;11803&#8243; img_size=&#8221;250&#215;250&#8243; alignment=&#8221;center&#8221; onclick=&#8221;link_image&#8221;][\/vc_column][vc_column width=&#8221;1\/4&#8243;][vc_single_image image=&#8221;11806&#8243; img_size=&#8221;250&#215;250&#8243; alignment=&#8221;center&#8221; onclick=&#8221;link_image&#8221;][\/vc_column][vc_column width=&#8221;1\/4&#8243;][vc_single_image image=&#8221;11809&#8243; img_size=&#8221;250&#215;250&#8243; alignment=&#8221;center&#8221; onclick=&#8221;link_image&#8221;][\/vc_column][vc_column width=&#8221;1\/4&#8243;][vc_single_image image=&#8221;11812&#8243; img_size=&#8221;250&#215;250&#8243; alignment=&#8221;center&#8221; onclick=&#8221;link_image&#8221;][\/vc_column][\/vc_row][vc_row][vc_column][vc_empty_space][\/vc_column][\/vc_row][vc_row][vc_column width=&#8221;1\/4&#8243;][vc_single_image image=&#8221;11815&#8243; img_size=&#8221;250&#215;250&#8243; alignment=&#8221;center&#8221; onclick=&#8221;link_image&#8221;][\/vc_column][vc_column width=&#8221;1\/4&#8243;][vc_single_image image=&#8221;11818&#8243; img_size=&#8221;250&#215;250&#8243; alignment=&#8221;center&#8221; onclick=&#8221;link_image&#8221;][\/vc_column][vc_column width=&#8221;1\/4&#8243;][vc_single_image image=&#8221;11821&#8243; img_size=&#8221;250&#215;250&#8243; alignment=&#8221;center&#8221; onclick=&#8221;link_image&#8221;][\/vc_column][vc_column width=&#8221;1\/4&#8243;][vc_single_image image=&#8221;11824&#8243; img_size=&#8221;250&#215;250&#8243; alignment=&#8221;center&#8221; onclick=&#8221;link_image&#8221;][\/vc_column][\/vc_row][vc_row][vc_column][vc_separator color=&#8221;custom&#8221; accent_color=&#8221;#f4bf42&#8243;][\/vc_column][\/vc_row][vc_row][vc_column][\/vc_column][\/vc_row]<\/p>\n","protected":false},"excerpt":{"rendered":"<p>[vc_row][vc_column][\/vc_column][\/vc_row][vc_row][vc_column width=&#8221;1\/4&#8243;][vc_single_image image=&#8221;11776&#8243; img_size=&#8221;250&#215;250&#8243; alignment=&#8221;center&#8221; onclick=&#8221;link_image&#8221;][\/vc_column][vc_column width=&#8221;1\/4&#8243;][vc_single_image image=&#8221;11779&#8243; img_size=&#8221;250&#215;250&#8243; alignment=&#8221;center&#8221; onclick=&#8221;link_image&#8221;][\/vc_column][vc_column width=&#8221;1\/4&#8243;][vc_single_image image=&#8221;11782&#8243; img_size=&#8221;250&#215;250&#8243; alignment=&#8221;center&#8221; onclick=&#8221;link_image&#8221;][\/vc_column][vc_column width=&#8221;1\/4&#8243;][vc_single_image image=&#8221;11785&#8243; img_size=&#8221;250&#215;250&#8243; alignment=&#8221;center&#8221; onclick=&#8221;link_image&#8221;][\/vc_column][\/vc_row][vc_row][vc_column][vc_empty_space][\/vc_column][\/vc_row][vc_row][vc_column width=&#8221;1\/4&#8243;][vc_single_image image=&#8221;11788&#8243; img_size=&#8221;250&#215;250&#8243; alignment=&#8221;center&#8221; onclick=&#8221;link_image&#8221;][\/vc_column][vc_column width=&#8221;1\/4&#8243;][vc_single_image image=&#8221;11794&#8243; img_size=&#8221;250&#215;250&#8243; alignment=&#8221;center&#8221; onclick=&#8221;link_image&#8221;][\/vc_column][vc_column width=&#8221;1\/4&#8243;][vc_single_image image=&#8221;11797&#8243; img_size=&#8221;250&#215;250&#8243; alignment=&#8221;center&#8221; onclick=&#8221;link_image&#8221;][\/vc_column][vc_column width=&#8221;1\/4&#8243;][vc_single_image image=&#8221;11800&#8243; img_size=&#8221;250&#215;250&#8243; alignment=&#8221;center&#8221; onclick=&#8221;link_image&#8221;][\/vc_column][\/vc_row][vc_row][vc_column][vc_empty_space][\/vc_column][\/vc_row][vc_row][vc_column width=&#8221;1\/4&#8243;][vc_single_image image=&#8221;11803&#8243; img_size=&#8221;250&#215;250&#8243; alignment=&#8221;center&#8221; onclick=&#8221;link_image&#8221;][\/vc_column][vc_column width=&#8221;1\/4&#8243;][vc_single_image image=&#8221;11806&#8243; img_size=&#8221;250&#215;250&#8243; alignment=&#8221;center&#8221; [&hellip;]<\/p>\n","protected":false},"author":1,"featured_media":0,"parent":0,"menu_order":0,"comment_status":"closed","ping_status":"closed","template":"","meta":{"_joinchat":[],"footnotes":""},"class_list":["post-6672","page","type-page","status-publish","hentry"],"yoast_head":"<!-- This site is optimized with the Yoast SEO plugin v23.0 - https:\/\/yoast.com\/wordpress\/plugins\/seo\/ -->\n<title>Galeria de Fotos - Expo Sign<\/title>\n<meta name=\"robots\" content=\"index, follow, max-snippet:-1, max-image-preview:large, max-video-preview:-1\" \/>\n<link rel=\"canonical\" href=\"https:\/\/www.exposign.com.ar\/br\/galeria-2\/\" \/>\n<meta property=\"og:locale\" content=\"pt_BR\" \/>\n<meta property=\"og:type\" content=\"article\" \/>\n<meta property=\"og:title\" content=\"Galeria de Fotos - Expo Sign\" \/>\n<meta property=\"og:description\" content=\"[vc_row][vc_column][\/vc_column][\/vc_row][vc_row][vc_column width=&#8221;1\/4&#8243;][vc_single_image image=&#8221;11776&#8243; img_size=&#8221;250&#215;250&#8243; alignment=&#8221;center&#8221; onclick=&#8221;link_image&#8221;][\/vc_column][vc_column width=&#8221;1\/4&#8243;][vc_single_image image=&#8221;11779&#8243; img_size=&#8221;250&#215;250&#8243; alignment=&#8221;center&#8221; onclick=&#8221;link_image&#8221;][\/vc_column][vc_column width=&#8221;1\/4&#8243;][vc_single_image image=&#8221;11782&#8243; img_size=&#8221;250&#215;250&#8243; alignment=&#8221;center&#8221; onclick=&#8221;link_image&#8221;][\/vc_column][vc_column width=&#8221;1\/4&#8243;][vc_single_image image=&#8221;11785&#8243; img_size=&#8221;250&#215;250&#8243; alignment=&#8221;center&#8221; onclick=&#8221;link_image&#8221;][\/vc_column][\/vc_row][vc_row][vc_column][vc_empty_space][\/vc_column][\/vc_row][vc_row][vc_column width=&#8221;1\/4&#8243;][vc_single_image image=&#8221;11788&#8243; img_size=&#8221;250&#215;250&#8243; alignment=&#8221;center&#8221; onclick=&#8221;link_image&#8221;][\/vc_column][vc_column width=&#8221;1\/4&#8243;][vc_single_image image=&#8221;11794&#8243; img_size=&#8221;250&#215;250&#8243; alignment=&#8221;center&#8221; onclick=&#8221;link_image&#8221;][\/vc_column][vc_column width=&#8221;1\/4&#8243;][vc_single_image image=&#8221;11797&#8243; img_size=&#8221;250&#215;250&#8243; alignment=&#8221;center&#8221; onclick=&#8221;link_image&#8221;][\/vc_column][vc_column width=&#8221;1\/4&#8243;][vc_single_image image=&#8221;11800&#8243; img_size=&#8221;250&#215;250&#8243; alignment=&#8221;center&#8221; onclick=&#8221;link_image&#8221;][\/vc_column][\/vc_row][vc_row][vc_column][vc_empty_space][\/vc_column][\/vc_row][vc_row][vc_column width=&#8221;1\/4&#8243;][vc_single_image image=&#8221;11803&#8243; img_size=&#8221;250&#215;250&#8243; alignment=&#8221;center&#8221; onclick=&#8221;link_image&#8221;][\/vc_column][vc_column width=&#8221;1\/4&#8243;][vc_single_image image=&#8221;11806&#8243; img_size=&#8221;250&#215;250&#8243; alignment=&#8221;center&#8221; [&hellip;]\" \/>\n<meta property=\"og:url\" content=\"https:\/\/www.exposign.com.ar\/br\/galeria-2\/\" \/>\n<meta property=\"og:site_name\" content=\"Expo Sign\" \/>\n<meta property=\"article:modified_time\" content=\"2022-10-28T14:43:08+00:00\" \/>\n<meta name=\"twitter:card\" content=\"summary_large_image\" \/>\n<meta name=\"twitter:label1\" content=\"Est. tempo de leitura\" \/>\n\t<meta name=\"twitter:data1\" content=\"1 minuto\" \/>\n<script type=\"application\/ld+json\" class=\"yoast-schema-graph\">{\"@context\":\"https:\/\/schema.org\",\"@graph\":[{\"@type\":\"WebPage\",\"@id\":\"https:\/\/www.exposign.com.ar\/br\/galeria-2\/\",\"url\":\"https:\/\/www.exposign.com.ar\/br\/galeria-2\/\",\"name\":\"Galeria de Fotos - Expo Sign\",\"isPartOf\":{\"@id\":\"https:\/\/www.exposign.com.ar\/#website\"},\"datePublished\":\"2015-10-26T01:37:36+00:00\",\"dateModified\":\"2022-10-28T14:43:08+00:00\",\"breadcrumb\":{\"@id\":\"https:\/\/www.exposign.com.ar\/br\/galeria-2\/#breadcrumb\"},\"inLanguage\":\"pt-BR\",\"potentialAction\":[{\"@type\":\"ReadAction\",\"target\":[\"https:\/\/www.exposign.com.ar\/br\/galeria-2\/\"]}]},{\"@type\":\"BreadcrumbList\",\"@id\":\"https:\/\/www.exposign.com.ar\/br\/galeria-2\/#breadcrumb\",\"itemListElement\":[{\"@type\":\"ListItem\",\"position\":1,\"name\":\"Portada\",\"item\":\"https:\/\/www.exposign.com.ar\/br\/\"},{\"@type\":\"ListItem\",\"position\":2,\"name\":\"Galeria de Fotos\"}]},{\"@type\":\"WebSite\",\"@id\":\"https:\/\/www.exposign.com.ar\/#website\",\"url\":\"https:\/\/www.exposign.com.ar\/\",\"name\":\"Expo Sign\",\"description\":\"\",\"potentialAction\":[{\"@type\":\"SearchAction\",\"target\":{\"@type\":\"EntryPoint\",\"urlTemplate\":\"https:\/\/www.exposign.com.ar\/?s={search_term_string}\"},\"query-input\":\"required name=search_term_string\"}],\"inLanguage\":\"pt-BR\"}]}<\/script>\n<!-- \/ Yoast SEO plugin. -->","yoast_head_json":{"title":"Galeria de Fotos - Expo Sign","robots":{"index":"index","follow":"follow","max-snippet":"max-snippet:-1","max-image-preview":"max-image-preview:large","max-video-preview":"max-video-preview:-1"},"canonical":"https:\/\/www.exposign.com.ar\/br\/galeria-2\/","og_locale":"pt_BR","og_type":"article","og_title":"Galeria de Fotos - Expo Sign","og_description":"[vc_row][vc_column][\/vc_column][\/vc_row][vc_row][vc_column width=&#8221;1\/4&#8243;][vc_single_image image=&#8221;11776&#8243; img_size=&#8221;250&#215;250&#8243; alignment=&#8221;center&#8221; onclick=&#8221;link_image&#8221;][\/vc_column][vc_column width=&#8221;1\/4&#8243;][vc_single_image image=&#8221;11779&#8243; img_size=&#8221;250&#215;250&#8243; alignment=&#8221;center&#8221; onclick=&#8221;link_image&#8221;][\/vc_column][vc_column width=&#8221;1\/4&#8243;][vc_single_image image=&#8221;11782&#8243; img_size=&#8221;250&#215;250&#8243; alignment=&#8221;center&#8221; onclick=&#8221;link_image&#8221;][\/vc_column][vc_column width=&#8221;1\/4&#8243;][vc_single_image image=&#8221;11785&#8243; img_size=&#8221;250&#215;250&#8243; alignment=&#8221;center&#8221; onclick=&#8221;link_image&#8221;][\/vc_column][\/vc_row][vc_row][vc_column][vc_empty_space][\/vc_column][\/vc_row][vc_row][vc_column width=&#8221;1\/4&#8243;][vc_single_image image=&#8221;11788&#8243; img_size=&#8221;250&#215;250&#8243; alignment=&#8221;center&#8221; onclick=&#8221;link_image&#8221;][\/vc_column][vc_column width=&#8221;1\/4&#8243;][vc_single_image image=&#8221;11794&#8243; img_size=&#8221;250&#215;250&#8243; alignment=&#8221;center&#8221; onclick=&#8221;link_image&#8221;][\/vc_column][vc_column width=&#8221;1\/4&#8243;][vc_single_image image=&#8221;11797&#8243; img_size=&#8221;250&#215;250&#8243; alignment=&#8221;center&#8221; onclick=&#8221;link_image&#8221;][\/vc_column][vc_column width=&#8221;1\/4&#8243;][vc_single_image image=&#8221;11800&#8243; img_size=&#8221;250&#215;250&#8243; alignment=&#8221;center&#8221; onclick=&#8221;link_image&#8221;][\/vc_column][\/vc_row][vc_row][vc_column][vc_empty_space][\/vc_column][\/vc_row][vc_row][vc_column width=&#8221;1\/4&#8243;][vc_single_image image=&#8221;11803&#8243; img_size=&#8221;250&#215;250&#8243; alignment=&#8221;center&#8221; onclick=&#8221;link_image&#8221;][\/vc_column][vc_column width=&#8221;1\/4&#8243;][vc_single_image image=&#8221;11806&#8243; img_size=&#8221;250&#215;250&#8243; alignment=&#8221;center&#8221; [&hellip;]","og_url":"https:\/\/www.exposign.com.ar\/br\/galeria-2\/","og_site_name":"Expo Sign","article_modified_time":"2022-10-28T14:43:08+00:00","twitter_card":"summary_large_image","twitter_misc":{"Est. tempo de leitura":"1 minuto"},"schema":{"@context":"https:\/\/schema.org","@graph":[{"@type":"WebPage","@id":"https:\/\/www.exposign.com.ar\/br\/galeria-2\/","url":"https:\/\/www.exposign.com.ar\/br\/galeria-2\/","name":"Galeria de Fotos - Expo Sign","isPartOf":{"@id":"https:\/\/www.exposign.com.ar\/#website"},"datePublished":"2015-10-26T01:37:36+00:00","dateModified":"2022-10-28T14:43:08+00:00","breadcrumb":{"@id":"https:\/\/www.exposign.com.ar\/br\/galeria-2\/#breadcrumb"},"inLanguage":"pt-BR","potentialAction":[{"@type":"ReadAction","target":["https:\/\/www.exposign.com.ar\/br\/galeria-2\/"]}]},{"@type":"BreadcrumbList","@id":"https:\/\/www.exposign.com.ar\/br\/galeria-2\/#breadcrumb","itemListElement":[{"@type":"ListItem","position":1,"name":"Portada","item":"https:\/\/www.exposign.com.ar\/br\/"},{"@type":"ListItem","position":2,"name":"Galeria de Fotos"}]},{"@type":"WebSite","@id":"https:\/\/www.exposign.com.ar\/#website","url":"https:\/\/www.exposign.com.ar\/","name":"Expo Sign","description":"","potentialAction":[{"@type":"SearchAction","target":{"@type":"EntryPoint","urlTemplate":"https:\/\/www.exposign.com.ar\/?s={search_term_string}"},"query-input":"required name=search_term_string"}],"inLanguage":"pt-BR"}]}},"_links":{"self":[{"href":"https:\/\/www.exposign.com.ar\/br\/wp-json\/wp\/v2\/pages\/6672","targetHints":{"allow":["GET"]}}],"collection":[{"href":"https:\/\/www.exposign.com.ar\/br\/wp-json\/wp\/v2\/pages"}],"about":[{"href":"https:\/\/www.exposign.com.ar\/br\/wp-json\/wp\/v2\/types\/page"}],"author":[{"embeddable":true,"href":"https:\/\/www.exposign.com.ar\/br\/wp-json\/wp\/v2\/users\/1"}],"replies":[{"embeddable":true,"href":"https:\/\/www.exposign.com.ar\/br\/wp-json\/wp\/v2\/comments?post=6672"}],"version-history":[{"count":4,"href":"https:\/\/www.exposign.com.ar\/br\/wp-json\/wp\/v2\/pages\/6672\/revisions"}],"predecessor-version":[{"id":11878,"href":"https:\/\/www.exposign.com.ar\/br\/wp-json\/wp\/v2\/pages\/6672\/revisions\/11878"}],"wp:attachment":[{"href":"https:\/\/www.exposign.com.ar\/br\/wp-json\/wp\/v2\/media?parent=6672"}],"curies":[{"name":"wp","href":"https:\/\/api.w.org\/{rel}","templated":true}]}}