{"id":6646,"date":"2016-07-08T10:38:07","date_gmt":"2016-07-08T10:38:07","guid":{"rendered":"http:\/\/www.exposign.com.ar\/perfil-del-expositor\/"},"modified":"2022-10-28T11:36:33","modified_gmt":"2022-10-28T14:36:33","slug":"perfil-del-expositor","status":"publish","type":"page","link":"https:\/\/www.exposign.com.ar\/br\/perfil-del-expositor\/","title":{"rendered":"Perfil do Expositor"},"content":{"rendered":"<p>[vc_row content_placement=&#8221;middle&#8221; css_animation=&#8221;bounceInLeft&#8221;][vc_column][vc_custom_heading text=&#8221;Produtos y Servi\u00e7os&#8221; font_container=&#8221;tag:h2|text_align:center|color:%23f3c629&#8243; google_fonts=&#8221;font_family:Lato%3A100%2C100italic%2C300%2C300italic%2Cregular%2Citalic%2C700%2C700italic%2C900%2C900italic|font_style:400%20regular%3A400%3Anormal&#8221;][vc_row_inner content_placement=&#8221;middle&#8221;][vc_column_inner width=&#8221;1\/3&#8243;][tz_list_meetup style_list=&#8221;1&#8243;][tz_list_meetup_item icon_font=&#8221;fa-check&#8221; color_icon_font=&#8221;#d90a6c&#8221; title_list=&#8221;Alum\u00ednio&#8221;][tz_list_meetup_item icon_font=&#8221;fa-check&#8221; color_icon_font=&#8221;#d90a6c&#8221; title_list=&#8221;Artigos promocionais \/ merchandising&#8221;][tz_list_meetup_item icon_font=&#8221;fa-check&#8221; color_icon_font=&#8221;#d90a6c&#8221; title_list=&#8221;Associa\u00e7\u00f5es afins&#8221;][tz_list_meetup_item icon_font=&#8221;fa-check&#8221; color_icon_font=&#8221;#d90a6c&#8221; title_list=&#8221;Auto-adesivos&#8221;][tz_list_meetup_item icon_font=&#8221;fa-check&#8221; color_icon_font=&#8221;#d90a6c&#8221; title_list=&#8221;Backlights&#8221;][tz_list_meetup_item icon_font=&#8221;fa-check&#8221; color_icon_font=&#8221;#d90a6c&#8221; title_list=&#8221;Bordados&#8221;][tz_list_meetup_item icon_font=&#8221;fa-check&#8221; color_icon_font=&#8221;#d90a6c&#8221; title_list=&#8221;Cartazes&#8221;][tz_list_meetup_item icon_font=&#8221;fa-check&#8221; color_icon_font=&#8221;#d90a6c&#8221; title_list=&#8221;Computadores&#8221;][tz_list_meetup_item icon_font=&#8221;fa-check&#8221; color_icon_font=&#8221;#d90a6c&#8221; title_list=&#8221;Corte laser&#8221;][tz_list_meetup_item icon_font=&#8221;fa-check&#8221; color_icon_font=&#8221;#d90a6c&#8221; title_list=&#8221;Diluentes&#8221;][tz_list_meetup_item icon_font=&#8221;fa-check&#8221; color_icon_font=&#8221;#d90a6c&#8221; title_list=&#8221;Gruas&#8221;][tz_list_meetup_item icon_font=&#8221;fa-check&#8221; color_icon_font=&#8221;#d90a6c&#8221; title_list=&#8221;Hardwares especiais&#8221;][tz_list_meetup_item icon_font=&#8221;fa-check&#8221; color_icon_font=&#8221;#d90a6c&#8221; title_list=&#8221;Impressoras digitais de formato grande&#8221;][tz_list_meetup_item icon_font=&#8221;fa-check&#8221; color_icon_font=&#8221;#d90a6c&#8221; title_list=&#8221;Insumos para a comunica\u00e7\u00e3o visual&#8221;][tz_list_meetup_item icon_font=&#8221;fa-check&#8221; color_icon_font=&#8221;#d90a6c&#8221; title_list=&#8221;M\u00e1quinas de serigrafia&#8221;][tz_list_meetup_item icon_font=&#8221;fa-check&#8221; color_icon_font=&#8221;#d90a6c&#8221; title_list=&#8221;Marquises&#8221;][tz_list_meetup_item icon_font=&#8221;fa-check&#8221; color_icon_font=&#8221;#d90a6c&#8221; title_list=&#8221;Tintas&#8221;][tz_list_meetup_item icon_font=&#8221;fa-check&#8221; color_icon_font=&#8221;#d90a6c&#8221; title_list=&#8221;Transfers&#8221;][tz_list_meetup_item icon_font=&#8221;fa-check&#8221; color_icon_font=&#8221;#d90a6c&#8221; title_list=&#8221;Pant\u00f3grafos&#8221;][tz_list_meetup_item icon_font=&#8221;fa-check&#8221; color_icon_font=&#8221;#d90a6c&#8221; title_list=&#8221;Papeis&#8221;][tz_list_meetup_item icon_font=&#8221;fa-check&#8221; color_icon_font=&#8221;#d90a6c&#8221; title_list=&#8221;Plotters de impress\u00e3o&#8221;][tz_list_meetup_item icon_font=&#8221;fa-check&#8221; color_icon_font=&#8221;#d90a6c&#8221; title_list=&#8221;Routers&#8221;][tz_list_meetup_item icon_font=&#8221;fa-check&#8221; color_icon_font=&#8221;#d90a6c&#8221; title_list=&#8221;Scanners&#8221;][tz_list_meetup_item icon_font=&#8221;fa-check&#8221; color_icon_font=&#8221;#d90a6c&#8221; title_list=&#8221;Servi\u00e7o de impress\u00e3o digital de formato grande&#8221;][tz_list_meetup_item icon_font=&#8221;fa-check&#8221; color_icon_font=&#8221;#d90a6c&#8221; title_list=&#8221;Servi\u00e7os de suporte e publicidade&#8221;][tz_list_meetup_item icon_font=&#8221;fa-check&#8221; color_icon_font=&#8221;#d90a6c&#8221; title_list=&#8221;Tampografia&#8221;][tz_list_meetup_item icon_font=&#8221;fa-check&#8221; color_icon_font=&#8221;#d90a6c&#8221; title_list=&#8221;Esticadores&#8221;][tz_list_meetup_item icon_font=&#8221;fa-check&#8221; color_icon_font=&#8221;#d90a6c&#8221; title_list=&#8221;Esticadores&#8221;][\/tz_list_meetup][\/vc_column_inner][vc_column_inner width=&#8221;1\/3&#8243;][tz_list_meetup style_list=&#8221;1&#8243;][tz_list_meetup_item icon_font=&#8221;fa-check&#8221; color_icon_font=&#8221;#d90a6c&#8221; title_list=&#8221;Displays&#8221;][tz_list_meetup_item icon_font=&#8221;fa-check&#8221; color_icon_font=&#8221;#d90a6c&#8221; title_list=&#8221;Estampagem t\u00eaxtil&#8221;][tz_list_meetup_item icon_font=&#8221;fa-check&#8221; color_icon_font=&#8221;#d90a6c&#8221; title_list=&#8221;Vitrines POP&#8221;][tz_list_meetup_item icon_font=&#8221;fa-check&#8221; color_icon_font=&#8221;#d90a6c&#8221; title_list=&#8221;Flexografia&#8221;][tz_list_meetup_item icon_font=&#8221;fa-check&#8221; color_icon_font=&#8221;#d90a6c&#8221; title_list=&#8221;Fotogravura&#8221;][tz_list_meetup_item icon_font=&#8221;fa-check&#8221; color_icon_font=&#8221;#d90a6c&#8221; title_list=&#8221;Fotografia digital&#8221;][tz_list_meetup_item icon_font=&#8221;fa-check&#8221; color_icon_font=&#8221;#d90a6c&#8221; title_list=&#8221;Fotografia publicit\u00e1ria&#8221;][tz_list_meetup_item icon_font=&#8221;fa-check&#8221; color_icon_font=&#8221;#d90a6c&#8221; title_list=&#8221;Fresadores&#8221;][tz_list_meetup_item icon_font=&#8221;fa-check&#8221; color_icon_font=&#8221;#d90a6c&#8221; title_list=&#8221;Gravadoras&#8221;][tz_list_meetup_item icon_font=&#8221;fa-check&#8221; color_icon_font=&#8221;#d90a6c&#8221; title_list=&#8221;Gravados&#8221;][tz_list_meetup_item icon_font=&#8221;fa-check&#8221; color_icon_font=&#8221;#d90a6c&#8221; title_list=&#8221;Insumos de serigrafia t\u00eaxteis&#8221;][tz_list_meetup_item icon_font=&#8221;fa-check&#8221; color_icon_font=&#8221;#d90a6c&#8221; title_list=&#8221;Laminadoras&#8221;][tz_list_meetup_item icon_font=&#8221;fa-check&#8221; color_icon_font=&#8221;#d90a6c&#8221; title_list=&#8221;Letras corp\u00f3reas&#8221;][tz_list_meetup_item icon_font=&#8221;fa-check&#8221; color_icon_font=&#8221;#d90a6c&#8221; title_list=&#8221;Letreiros eletr\u00f4nicos&#8221;][tz_list_meetup_item icon_font=&#8221;fa-check&#8221; color_icon_font=&#8221;#d90a6c&#8221; title_list=&#8221;Letreiros luminosos&#8221;][tz_list_meetup_item icon_font=&#8221;fa-check&#8221; color_icon_font=&#8221;#d90a6c&#8221; title_list=&#8221;M\u00e1quinas de estampagem t\u00eaxtil&#8221;][tz_list_meetup_item icon_font=&#8221;fa-check&#8221; color_icon_font=&#8221;#d90a6c&#8221; title_list=&#8221;Vinil&#8221;][tz_list_meetup_item icon_font=&#8221;fa-check&#8221; color_icon_font=&#8221;#d90a6c&#8221; title_list=&#8221;N\u00e9on&#8221;][tz_list_meetup_item icon_font=&#8221;fa-check&#8221; color_icon_font=&#8221;#d90a6c&#8221; title_list=&#8221;Tela e ilumina\u00e7\u00e3o LED&#8221;][tz_list_meetup_item icon_font=&#8221;fa-check&#8221; color_icon_font=&#8221;#d90a6c&#8221; title_list=&#8221;Plotters de corte&#8221;][tz_list_meetup_item icon_font=&#8221;fa-check&#8221; color_icon_font=&#8221;#d90a6c&#8221; title_list=&#8221;Publicidade exterior&#8221;][tz_list_meetup_item icon_font=&#8221;fa-check&#8221; color_icon_font=&#8221;#d90a6c&#8221; title_list=&#8221;Publica\u00e7\u00f5es especializadas&#8221;][tz_list_meetup_item icon_font=&#8221;fa-check&#8221; color_icon_font=&#8221;#d90a6c&#8221; title_list=&#8221;Sinaliza\u00e7\u00e3o&#8221;][tz_list_meetup_item icon_font=&#8221;fa-check&#8221; color_icon_font=&#8221;#d90a6c&#8221; title_list=&#8221;Serigrafia&#8221;][tz_list_meetup_item icon_font=&#8221;fa-check&#8221; color_icon_font=&#8221;#d90a6c&#8221; title_list=&#8221;Software&#8221;][tz_list_meetup_item icon_font=&#8221;fa-check&#8221; color_icon_font=&#8221;#d90a6c&#8221; title_list=&#8221;Substrato&#8221;][tz_list_meetup_item icon_font=&#8221;fa-check&#8221; color_icon_font=&#8221;#d90a6c&#8221; title_list=&#8221;Teias&#8221;][tz_list_meetup_item icon_font=&#8221;fa-check&#8221; color_icon_font=&#8221;#d90a6c&#8221; title_list=&#8221;Equipamento e impressoras 3D \/ 4D \/ 5D&#8221;][\/tz_list_meetup][\/vc_column_inner][vc_column_inner width=&#8221;1\/3&#8243;][vc_single_image image=&#8221;6117&#8243; img_size=&#8221;full&#8221; alignment=&#8221;right&#8221;][\/vc_column_inner][\/vc_row_inner][vc_empty_space height=&#8221;64px&#8221;][\/vc_column][\/vc_row][vc_row][vc_column width=&#8221;1\/2&#8243;][vc_custom_heading text=&#8221;\u203a Objetivos&#8221; font_container=&#8221;tag:h2|text_align:center|color:%23f3c629&#8243; google_fonts=&#8221;font_family:Lato%3A100%2C100italic%2C300%2C300italic%2Cregular%2Citalic%2C700%2C700italic%2C900%2C900italic|font_style:400%20regular%3A400%3Anormal&#8221;][vc_empty_space][vc_separator color=&#8221;custom&#8221; accent_color=&#8221;#F3C629&#8243; css=&#8221;.vc_custom_1489174043328{padding-bottom: 5px !important;}&#8221;][vc_row_inner][vc_column_inner width=&#8221;1\/4&#8243;][vc_column_text]<\/p>\n<p style=\"padding-top: 10px;\"><span style=\"font-size: 45px; color: #f3c629; font-weight: 600;\">98%<\/span><\/p>\n<p>[\/vc_column_text][\/vc_column_inner][vc_column_inner width=&#8221;3\/4&#8243;][vc_column_text]<span style=\"color: #f3c629; font-size: 16px; font-weight: 800;\">Cumplimento dos objetivos<\/span><br \/>\n[\/vc_column_text][\/vc_column_inner][\/vc_row_inner][vc_separator color=&#8221;custom&#8221; accent_color=&#8221;#F3C629&#8243;][vc_column_text]<\/p>\n<h3 style=\"color: #f3c629; font-size: 16px; font-weight: 800;\">Impress\u00e3o geral da exposi\u00e7\u00e3o<\/h3>\n<p>[\/vc_column_text][vc_row_inner][vc_column_inner width=&#8221;1\/6&#8243;][\/vc_column_inner][vc_column_inner width=&#8221;2\/3&#8243;][vc_round_chart stroke_width=&#8221;2&#8243; stroke_color=&#8221;custom&#8221; values=&#8221;%5B%7B%22title%22%3A%22Muy%20buena%22%2C%22value%22%3A%2267%22%2C%22color%22%3A%22blue%22%7D%2C%7B%22title%22%3A%22Buena%22%2C%22value%22%3A%227%22%2C%22color%22%3A%22green%22%7D%2C%7B%22title%22%3A%22Excelente%22%2C%22value%22%3A%2226%22%2C%22color%22%3A%22orange%22%2C%22custom_color%22%3A%22%23ff675b%22%7D%5D&#8221; custom_stroke_color=&#8221;#d90a6c&#8221;][\/vc_column_inner][vc_column_inner width=&#8221;1\/6&#8243;][\/vc_column_inner][\/vc_row_inner][\/vc_column][vc_column width=&#8221;1\/2&#8243;][vc_custom_heading text=&#8221;\u203a Satisfa\u00e7\u00e3o&#8221; font_container=&#8221;tag:h2|text_align:center|color:%23f3c629&#8243; google_fonts=&#8221;font_family:Lato%3A100%2C100italic%2C300%2C300italic%2Cregular%2Citalic%2C700%2C700italic%2C900%2C900italic|font_style:400%20regular%3A400%3Anormal&#8221;][vc_empty_space][vc_separator color=&#8221;custom&#8221; accent_color=&#8221;#F3C629&#8243; css=&#8221;.vc_custom_1489174043328{padding-bottom: 5px !important;}&#8221;][vc_row_inner][vc_column_inner width=&#8221;1\/4&#8243;][vc_column_text]<\/p>\n<p style=\"padding-top: 10px;\"><span style=\"font-size: 45px; color: #f3c629; font-weight: 600;\">100%<\/span><\/p>\n<p>[\/vc_column_text][\/vc_column_inner][vc_column_inner width=&#8221;3\/4&#8243;][vc_column_text]<span style=\"color: #f3c629; font-size: 16px; font-weight: 800;\">Satisfa\u00e7\u00e3o quantidade de visitantes<\/span><br \/>\n[\/vc_column_text][\/vc_column_inner][\/vc_row_inner][vc_separator color=&#8221;custom&#8221; accent_color=&#8221;#F3C629&#8243;][vc_column_text]<\/p>\n<h3 style=\"color: #f3c629; font-size: 16px; font-weight: 800;\">Satisfa\u00e7\u00e3o qualidade dos visitantes<\/h3>\n<p>[\/vc_column_text][vc_row_inner][vc_column_inner width=&#8221;1\/6&#8243;][\/vc_column_inner][vc_column_inner width=&#8221;2\/3&#8243;][vc_round_chart stroke_width=&#8221;2&#8243; stroke_color=&#8221;custom&#8221; values=&#8221;%5B%7B%22title%22%3A%22Muy%20buena%22%2C%22value%22%3A%2265%22%2C%22color%22%3A%22blue%22%7D%2C%7B%22title%22%3A%22Buena%22%2C%22value%22%3A%2216%22%2C%22color%22%3A%22green%22%7D%2C%7B%22title%22%3A%22Excelente%22%2C%22value%22%3A%2219%22%2C%22color%22%3A%22orange%22%2C%22custom_color%22%3A%22%23ff675b%22%7D%5D&#8221; custom_stroke_color=&#8221;#d90a6c&#8221;][\/vc_column_inner][vc_column_inner width=&#8221;1\/6&#8243;][\/vc_column_inner][\/vc_row_inner][\/vc_column][\/vc_row]<\/p>\n","protected":false},"excerpt":{"rendered":"<p>[vc_row content_placement=&#8221;middle&#8221; css_animation=&#8221;bounceInLeft&#8221;][vc_column][vc_custom_heading text=&#8221;Produtos y Servi\u00e7os&#8221; font_container=&#8221;tag:h2|text_align:center|color:%23f3c629&#8243; google_fonts=&#8221;font_family:Lato%3A100%2C100italic%2C300%2C300italic%2Cregular%2Citalic%2C700%2C700italic%2C900%2C900italic|font_style:400%20regular%3A400%3Anormal&#8221;][vc_row_inner content_placement=&#8221;middle&#8221;][vc_column_inner width=&#8221;1\/3&#8243;][tz_list_meetup style_list=&#8221;1&#8243;][tz_list_meetup_item icon_font=&#8221;fa-check&#8221; color_icon_font=&#8221;#d90a6c&#8221; title_list=&#8221;Alum\u00ednio&#8221;][tz_list_meetup_item icon_font=&#8221;fa-check&#8221; color_icon_font=&#8221;#d90a6c&#8221; title_list=&#8221;Artigos promocionais \/ merchandising&#8221;][tz_list_meetup_item icon_font=&#8221;fa-check&#8221; color_icon_font=&#8221;#d90a6c&#8221; title_list=&#8221;Associa\u00e7\u00f5es afins&#8221;][tz_list_meetup_item icon_font=&#8221;fa-check&#8221; color_icon_font=&#8221;#d90a6c&#8221; title_list=&#8221;Auto-adesivos&#8221;][tz_list_meetup_item icon_font=&#8221;fa-check&#8221; color_icon_font=&#8221;#d90a6c&#8221; title_list=&#8221;Backlights&#8221;][tz_list_meetup_item icon_font=&#8221;fa-check&#8221; color_icon_font=&#8221;#d90a6c&#8221; title_list=&#8221;Bordados&#8221;][tz_list_meetup_item icon_font=&#8221;fa-check&#8221; color_icon_font=&#8221;#d90a6c&#8221; title_list=&#8221;Cartazes&#8221;][tz_list_meetup_item icon_font=&#8221;fa-check&#8221; color_icon_font=&#8221;#d90a6c&#8221; title_list=&#8221;Computadores&#8221;][tz_list_meetup_item icon_font=&#8221;fa-check&#8221; color_icon_font=&#8221;#d90a6c&#8221; title_list=&#8221;Corte laser&#8221;][tz_list_meetup_item icon_font=&#8221;fa-check&#8221; color_icon_font=&#8221;#d90a6c&#8221; title_list=&#8221;Diluentes&#8221;][tz_list_meetup_item icon_font=&#8221;fa-check&#8221; color_icon_font=&#8221;#d90a6c&#8221; title_list=&#8221;Gruas&#8221;][tz_list_meetup_item icon_font=&#8221;fa-check&#8221; [&hellip;]<\/p>\n","protected":false},"author":1,"featured_media":0,"parent":0,"menu_order":0,"comment_status":"closed","ping_status":"closed","template":"","meta":{"_joinchat":[],"footnotes":""},"class_list":["post-6646","page","type-page","status-publish","hentry"],"yoast_head":"<!-- This site is optimized with the Yoast SEO plugin v23.0 - https:\/\/yoast.com\/wordpress\/plugins\/seo\/ -->\n<title>Perfil do Expositor - Expo Sign<\/title>\n<meta name=\"robots\" content=\"index, follow, max-snippet:-1, max-image-preview:large, max-video-preview:-1\" \/>\n<link rel=\"canonical\" href=\"https:\/\/www.exposign.com.ar\/br\/perfil-del-expositor\/\" \/>\n<meta property=\"og:locale\" content=\"pt_BR\" \/>\n<meta property=\"og:type\" content=\"article\" \/>\n<meta property=\"og:title\" content=\"Perfil do Expositor - Expo Sign\" \/>\n<meta property=\"og:description\" content=\"[vc_row content_placement=&#8221;middle&#8221; css_animation=&#8221;bounceInLeft&#8221;][vc_column][vc_custom_heading text=&#8221;Produtos y Servi\u00e7os&#8221; font_container=&#8221;tag:h2|text_align:center|color:%23f3c629&#8243; google_fonts=&#8221;font_family:Lato%3A100%2C100italic%2C300%2C300italic%2Cregular%2Citalic%2C700%2C700italic%2C900%2C900italic|font_style:400%20regular%3A400%3Anormal&#8221;][vc_row_inner content_placement=&#8221;middle&#8221;][vc_column_inner width=&#8221;1\/3&#8243;][tz_list_meetup style_list=&#8221;1&#8243;][tz_list_meetup_item icon_font=&#8221;fa-check&#8221; color_icon_font=&#8221;#d90a6c&#8221; title_list=&#8221;Alum\u00ednio&#8221;][tz_list_meetup_item icon_font=&#8221;fa-check&#8221; color_icon_font=&#8221;#d90a6c&#8221; title_list=&#8221;Artigos promocionais \/ merchandising&#8221;][tz_list_meetup_item icon_font=&#8221;fa-check&#8221; color_icon_font=&#8221;#d90a6c&#8221; title_list=&#8221;Associa\u00e7\u00f5es afins&#8221;][tz_list_meetup_item icon_font=&#8221;fa-check&#8221; color_icon_font=&#8221;#d90a6c&#8221; title_list=&#8221;Auto-adesivos&#8221;][tz_list_meetup_item icon_font=&#8221;fa-check&#8221; color_icon_font=&#8221;#d90a6c&#8221; title_list=&#8221;Backlights&#8221;][tz_list_meetup_item icon_font=&#8221;fa-check&#8221; color_icon_font=&#8221;#d90a6c&#8221; title_list=&#8221;Bordados&#8221;][tz_list_meetup_item icon_font=&#8221;fa-check&#8221; color_icon_font=&#8221;#d90a6c&#8221; title_list=&#8221;Cartazes&#8221;][tz_list_meetup_item icon_font=&#8221;fa-check&#8221; color_icon_font=&#8221;#d90a6c&#8221; title_list=&#8221;Computadores&#8221;][tz_list_meetup_item icon_font=&#8221;fa-check&#8221; color_icon_font=&#8221;#d90a6c&#8221; title_list=&#8221;Corte laser&#8221;][tz_list_meetup_item icon_font=&#8221;fa-check&#8221; color_icon_font=&#8221;#d90a6c&#8221; title_list=&#8221;Diluentes&#8221;][tz_list_meetup_item icon_font=&#8221;fa-check&#8221; color_icon_font=&#8221;#d90a6c&#8221; title_list=&#8221;Gruas&#8221;][tz_list_meetup_item icon_font=&#8221;fa-check&#8221; [&hellip;]\" \/>\n<meta property=\"og:url\" content=\"https:\/\/www.exposign.com.ar\/br\/perfil-del-expositor\/\" \/>\n<meta property=\"og:site_name\" content=\"Expo Sign\" \/>\n<meta property=\"article:modified_time\" content=\"2022-10-28T14:36:33+00:00\" \/>\n<meta name=\"twitter:card\" content=\"summary_large_image\" \/>\n<meta name=\"twitter:label1\" content=\"Est. tempo de leitura\" \/>\n\t<meta name=\"twitter:data1\" content=\"2 minutos\" \/>\n<script type=\"application\/ld+json\" class=\"yoast-schema-graph\">{\"@context\":\"https:\/\/schema.org\",\"@graph\":[{\"@type\":\"WebPage\",\"@id\":\"https:\/\/www.exposign.com.ar\/br\/perfil-del-expositor\/\",\"url\":\"https:\/\/www.exposign.com.ar\/br\/perfil-del-expositor\/\",\"name\":\"Perfil do Expositor - Expo Sign\",\"isPartOf\":{\"@id\":\"https:\/\/www.exposign.com.ar\/#website\"},\"datePublished\":\"2016-07-08T10:38:07+00:00\",\"dateModified\":\"2022-10-28T14:36:33+00:00\",\"breadcrumb\":{\"@id\":\"https:\/\/www.exposign.com.ar\/br\/perfil-del-expositor\/#breadcrumb\"},\"inLanguage\":\"pt-BR\",\"potentialAction\":[{\"@type\":\"ReadAction\",\"target\":[\"https:\/\/www.exposign.com.ar\/br\/perfil-del-expositor\/\"]}]},{\"@type\":\"BreadcrumbList\",\"@id\":\"https:\/\/www.exposign.com.ar\/br\/perfil-del-expositor\/#breadcrumb\",\"itemListElement\":[{\"@type\":\"ListItem\",\"position\":1,\"name\":\"Portada\",\"item\":\"https:\/\/www.exposign.com.ar\/br\/\"},{\"@type\":\"ListItem\",\"position\":2,\"name\":\"Perfil do Expositor\"}]},{\"@type\":\"WebSite\",\"@id\":\"https:\/\/www.exposign.com.ar\/#website\",\"url\":\"https:\/\/www.exposign.com.ar\/\",\"name\":\"Expo Sign\",\"description\":\"\",\"potentialAction\":[{\"@type\":\"SearchAction\",\"target\":{\"@type\":\"EntryPoint\",\"urlTemplate\":\"https:\/\/www.exposign.com.ar\/?s={search_term_string}\"},\"query-input\":\"required name=search_term_string\"}],\"inLanguage\":\"pt-BR\"}]}<\/script>\n<!-- \/ Yoast SEO plugin. -->","yoast_head_json":{"title":"Perfil do Expositor - Expo Sign","robots":{"index":"index","follow":"follow","max-snippet":"max-snippet:-1","max-image-preview":"max-image-preview:large","max-video-preview":"max-video-preview:-1"},"canonical":"https:\/\/www.exposign.com.ar\/br\/perfil-del-expositor\/","og_locale":"pt_BR","og_type":"article","og_title":"Perfil do Expositor - Expo Sign","og_description":"[vc_row content_placement=&#8221;middle&#8221; css_animation=&#8221;bounceInLeft&#8221;][vc_column][vc_custom_heading text=&#8221;Produtos y Servi\u00e7os&#8221; font_container=&#8221;tag:h2|text_align:center|color:%23f3c629&#8243; google_fonts=&#8221;font_family:Lato%3A100%2C100italic%2C300%2C300italic%2Cregular%2Citalic%2C700%2C700italic%2C900%2C900italic|font_style:400%20regular%3A400%3Anormal&#8221;][vc_row_inner content_placement=&#8221;middle&#8221;][vc_column_inner width=&#8221;1\/3&#8243;][tz_list_meetup style_list=&#8221;1&#8243;][tz_list_meetup_item icon_font=&#8221;fa-check&#8221; color_icon_font=&#8221;#d90a6c&#8221; title_list=&#8221;Alum\u00ednio&#8221;][tz_list_meetup_item icon_font=&#8221;fa-check&#8221; color_icon_font=&#8221;#d90a6c&#8221; title_list=&#8221;Artigos promocionais \/ merchandising&#8221;][tz_list_meetup_item icon_font=&#8221;fa-check&#8221; color_icon_font=&#8221;#d90a6c&#8221; title_list=&#8221;Associa\u00e7\u00f5es afins&#8221;][tz_list_meetup_item icon_font=&#8221;fa-check&#8221; color_icon_font=&#8221;#d90a6c&#8221; title_list=&#8221;Auto-adesivos&#8221;][tz_list_meetup_item icon_font=&#8221;fa-check&#8221; color_icon_font=&#8221;#d90a6c&#8221; title_list=&#8221;Backlights&#8221;][tz_list_meetup_item icon_font=&#8221;fa-check&#8221; color_icon_font=&#8221;#d90a6c&#8221; title_list=&#8221;Bordados&#8221;][tz_list_meetup_item icon_font=&#8221;fa-check&#8221; color_icon_font=&#8221;#d90a6c&#8221; title_list=&#8221;Cartazes&#8221;][tz_list_meetup_item icon_font=&#8221;fa-check&#8221; color_icon_font=&#8221;#d90a6c&#8221; title_list=&#8221;Computadores&#8221;][tz_list_meetup_item icon_font=&#8221;fa-check&#8221; color_icon_font=&#8221;#d90a6c&#8221; title_list=&#8221;Corte laser&#8221;][tz_list_meetup_item icon_font=&#8221;fa-check&#8221; color_icon_font=&#8221;#d90a6c&#8221; title_list=&#8221;Diluentes&#8221;][tz_list_meetup_item icon_font=&#8221;fa-check&#8221; color_icon_font=&#8221;#d90a6c&#8221; title_list=&#8221;Gruas&#8221;][tz_list_meetup_item icon_font=&#8221;fa-check&#8221; [&hellip;]","og_url":"https:\/\/www.exposign.com.ar\/br\/perfil-del-expositor\/","og_site_name":"Expo Sign","article_modified_time":"2022-10-28T14:36:33+00:00","twitter_card":"summary_large_image","twitter_misc":{"Est. tempo de leitura":"2 minutos"},"schema":{"@context":"https:\/\/schema.org","@graph":[{"@type":"WebPage","@id":"https:\/\/www.exposign.com.ar\/br\/perfil-del-expositor\/","url":"https:\/\/www.exposign.com.ar\/br\/perfil-del-expositor\/","name":"Perfil do Expositor - Expo Sign","isPartOf":{"@id":"https:\/\/www.exposign.com.ar\/#website"},"datePublished":"2016-07-08T10:38:07+00:00","dateModified":"2022-10-28T14:36:33+00:00","breadcrumb":{"@id":"https:\/\/www.exposign.com.ar\/br\/perfil-del-expositor\/#breadcrumb"},"inLanguage":"pt-BR","potentialAction":[{"@type":"ReadAction","target":["https:\/\/www.exposign.com.ar\/br\/perfil-del-expositor\/"]}]},{"@type":"BreadcrumbList","@id":"https:\/\/www.exposign.com.ar\/br\/perfil-del-expositor\/#breadcrumb","itemListElement":[{"@type":"ListItem","position":1,"name":"Portada","item":"https:\/\/www.exposign.com.ar\/br\/"},{"@type":"ListItem","position":2,"name":"Perfil do Expositor"}]},{"@type":"WebSite","@id":"https:\/\/www.exposign.com.ar\/#website","url":"https:\/\/www.exposign.com.ar\/","name":"Expo Sign","description":"","potentialAction":[{"@type":"SearchAction","target":{"@type":"EntryPoint","urlTemplate":"https:\/\/www.exposign.com.ar\/?s={search_term_string}"},"query-input":"required name=search_term_string"}],"inLanguage":"pt-BR"}]}},"_links":{"self":[{"href":"https:\/\/www.exposign.com.ar\/br\/wp-json\/wp\/v2\/pages\/6646","targetHints":{"allow":["GET"]}}],"collection":[{"href":"https:\/\/www.exposign.com.ar\/br\/wp-json\/wp\/v2\/pages"}],"about":[{"href":"https:\/\/www.exposign.com.ar\/br\/wp-json\/wp\/v2\/types\/page"}],"author":[{"embeddable":true,"href":"https:\/\/www.exposign.com.ar\/br\/wp-json\/wp\/v2\/users\/1"}],"replies":[{"embeddable":true,"href":"https:\/\/www.exposign.com.ar\/br\/wp-json\/wp\/v2\/comments?post=6646"}],"version-history":[{"count":2,"href":"https:\/\/www.exposign.com.ar\/br\/wp-json\/wp\/v2\/pages\/6646\/revisions"}],"predecessor-version":[{"id":11876,"href":"https:\/\/www.exposign.com.ar\/br\/wp-json\/wp\/v2\/pages\/6646\/revisions\/11876"}],"wp:attachment":[{"href":"https:\/\/www.exposign.com.ar\/br\/wp-json\/wp\/v2\/media?parent=6646"}],"curies":[{"name":"wp","href":"https:\/\/api.w.org\/{rel}","templated":true}]}}