{"id":6616,"date":"2017-03-14T17:04:10","date_gmt":"2017-03-14T17:04:10","guid":{"rendered":"http:\/\/www.exposign.com.ar\/como-llegar\/"},"modified":"2017-10-24T20:16:00","modified_gmt":"2017-10-24T20:16:00","slug":"como-llegar","status":"publish","type":"page","link":"https:\/\/www.exposign.com.ar\/br\/como-llegar\/","title":{"rendered":"Como chegar"},"content":{"rendered":"<p>[vc_row][vc_column width=&#8221;1\/2&#8243;][vc_gmaps link=&#8221;#E-8_JTNDaWZyYW1lJTIwbWFyZ2luaGVpZ2h0JTNEJTIyMCUyMiUyMG1hcmdpbndpZHRoJTNEJTIyMCUyMiUyMHNjcm9sbGluZyUzRCUyMm5vJTIyJTIwc3JjJTNEJTIyaHR0cHMlM0ElMkYlMkZtYXBzLmdvb2dsZS5jb20uYXIlMkZtYXBzJTNGaWUlM0RVVEY4JTI2YW1wJTNCcSUzRENlbnRybyUyQkNvc3RhJTJCU2FsZ3Vlcm8lMjZhbXAlM0JmYiUzRDElMjZhbXAlM0JnbCUzRGFyJTI2YW1wJTNCaHElM0RwbGFubyUyQmNvbW8lMkJsbGVnYXIlMkJhJTJCY29zdGElMkJzYWxndWVybyUyNmFtcCUzQmNpZCUzRDE2MDAxNjU3NzczNTkyMzUwNjE3JTI2YW1wJTNCbGwlM0QtMzQuNTY5OTMyJTJDLTU4LjM5OTE3OCUyNmFtcCUzQnNwbiUzRDAuMDA2Mjk1JTJDMC4wMDYyOTUlMjZhbXAlM0J0JTNEbSUyNmFtcCUzQm91dHB1dCUzRGVtYmVkJTIyJTIwd2lkdGglM0QlMjI1NTAlMjIlMjBoZWlnaHQlM0QlMjI0MDAlMjIlMjBmcmFtZWJvcmRlciUzRCUyMjAlMjIlM0UlM0MlMkZpZnJhbWUlM0U=&#8221;][\/vc_column][vc_column width=&#8221;1\/2&#8243;][vc_column_text]<\/p>\n<h2>Como chegar \u00e0 Expo?<\/h2>\n<p>[\/vc_column_text][vc_empty_space][vc_separator color=&#8221;custom&#8221; accent_color=&#8221;#76c164&#8243;][vc_empty_space][vc_column_text]O pr\u00e9dio da exposi\u00e7\u00e3o Centro Costa Salguero est\u00e1 localizada no bairro de Palermo na Cidade de Buenos Aires na interjei\u00e7\u00e3o da Avenida Costanera Norte Rafael Obligado com a Rua Jer\u00f4nimo Salguero. Pelo setor este limita o Rio da Plata.[\/vc_column_text][\/vc_column][\/vc_row][vc_row][vc_column width=&#8221;1\/4&#8243;][\/vc_column][vc_column width=&#8221;1\/2&#8243;][vc_empty_space][vc_column_text]<\/p>\n<h2 style=\"text-align: center;\">Vias de Acesso<\/h2>\n<p>[\/vc_column_text][vc_empty_space][vc_separator color=&#8221;custom&#8221; accent_color=&#8221;#76c164&#8243;][vc_empty_space][\/vc_column][vc_column width=&#8221;1\/4&#8243;][\/vc_column][\/vc_row][vc_row][vc_column width=&#8221;1\/2&#8243; css=&#8221;.vc_custom_1489511722104{padding-right: 5% !important;}&#8221;][vc_toggle title=&#8221;De carro&#8221; open=&#8221;true&#8221; el_id=&#8221;1489510878578-ab012490-eb0d&#8221;]O pr\u00e9dio de exposi\u00e7\u00f5es O Centro Costa Salguero fica no bairro de Palermo na Cidade de Buenos Aires na interjei\u00e7\u00e3o da Avenida Costanera Norte Rafael Obligado com a rua Jer\u00f3nimo Salguero.<br \/>\nEl predio de exposiciones Centro Costa Salguero est\u00e1 ubicado en el barrio de Palermo de la Ciudad de Buenos Aires y est\u00e1 ubicado en la intersecci\u00f3n de la Avenida Costanera Norte Rafael Obligado y la calle Jer\u00f3nimo Salguero. Pelo setor este limita o Rio da Plata.<br \/>\n[\/vc_toggle][vc_toggle title=&#8221;Desde o Sul:&#8221; el_id=&#8221;1489510946975-275d69c9-197a&#8221;]<\/p>\n<div class=\"acc-container\">\n<div class=\"content\">\n<p>Ingressa se pela rodovia Buenos Aires \u2013 La Plata, pode utilizar as sa\u00eddas de 9 de Julho ou Avenida Engenheiro Huergo at\u00e9 Porto Madero.<\/p>\n<p><strong>Op\u00e7\u00e3o pela 9 de Julho:<\/strong><br \/>\nContinue at\u00e9 o este na dire\u00e7\u00e3o ao rio e O Obelisco, pegue a auto-estrada Arturo Illia que acaba na interjei\u00e7\u00e3o de Jer\u00f4nimo Salguero com Costanera Norte Rafael Obligado. Depois do sinal ingresse ao pr\u00e9dio por baixo do portal de acesso.<\/p>\n<p><strong>Op\u00e7\u00e3o por Ing. Huergo:<\/strong><br \/>\nPegue at\u00e9 o norte, a continua\u00e7\u00e3o ser\u00e1 a Av. Eduardo Madero. Na Av. C\u00f3rdoba tem duas op\u00e7\u00f5es:<\/p>\n<p><strong>Op\u00e7\u00e3o Retiro:<\/strong><br \/>\nVire \u00e0 esquerda e depois de algumas quadras vire \u00e0 direita pela Rua Leandro N. Alem. Passando a esta\u00e7\u00e3o de trens do Retiro a rua vira \u00e0 Avenida Do Libertador a qual depois transforma se na Avenida Figueroa Alcorta. Continue para o norte at\u00e9 chegar a Rua Jer\u00f4nimo Salguero (a primeira rua onde fica O MALBA &#8211; Museu Cole\u00e7\u00e3o Costantini)<\/p>\n<\/div>\n<\/div>\n<p>[\/vc_toggle][vc_toggle title=&#8221;Op\u00e7\u00e3o Porto:&#8221; el_id=&#8221;1489510967317-19c2e434-458c&#8221;]<\/p>\n<div class=\"acc-container\">\n<div class=\"content\">\n<p>Continue reto pela Avenida R. S. Castilho do acesso ao Porto de Buenos Aires. Depois na dire\u00e7\u00e3o norte passara pelos ingressos \u00e0s terminais portu\u00e1rias. Ao chegar ao final do porto, na mesma altura da Rua Jer\u00f4nimo Salguero e aonde desemboca a rodovia Arturo Illia, vire \u00e0 direita para ingressar ao pr\u00e9dio.<\/p>\n<\/div>\n<\/div>\n<p>[\/vc_toggle][\/vc_column][vc_column width=&#8221;1\/2&#8243;][vc_toggle title=&#8221;Desde o norte:&#8221; el_id=&#8221;1489510905982-12f2f51c-c45e&#8221;]Pela rodovia Panamericana, pegue a Avenida General Paz na dire\u00e7\u00e3o ao este\/Rio da Plata. Continue at\u00e9 o sul pela rodovia Leopoldo Lugones. Antes de chegar \u00e0 ponte, vire \u00e0 esquerda na Avenida Sarmiento e pegue a Avenida Costanera Norte Rafael Obligado at\u00e9 o sul na dire\u00e7\u00e3o ao centro (Porto de Buenos Aires). Na Rua Jer\u00f4nimo Salguero pegue \u00e0 direita e depois vire novamente \u00e0 esquerda para retomar ao rio. Depois do sinal ingresse ao pr\u00e9dio por baixo do portal de acesso.[\/vc_toggle][vc_toggle title=&#8221;Desde o Oeste:&#8221; el_id=&#8221;1489510985562-96a5b9c6-596e&#8221;]<\/p>\n<div class=\"acc-container\">\n<div class=\"content\">\n<div class=\"acc-container\">\n<div class=\"content\">\n<p><strong>Op\u00e7\u00e3o Av. Gral. Paz: <\/strong> circule na dire\u00e7\u00e3o ao rio. Continue pelo norte pela rodovia Leopodo Lugones. Antes da ponte, vire \u00e0 esquerda na Av. Sarmiento e pegue a Av. Costanera Norte Rafael Obligado at\u00e9 o sul na dire\u00e7\u00e3o ao centro (Porto de Buenos Aires). Na Rua Jer\u00f4nimo Salguero pegue \u00e0 direita e depois \u00e0 esquerda para retomar at\u00e9 ao rio. Depois do sinal da Costanera Norte ingresse ao pr\u00e9dio por baixo do portal de acesso.<\/p>\n<p><strong>Op\u00e7\u00e3o Av. Juan B. Justo:<\/strong> pegue esta avenida na dire\u00e7\u00e3o ao este ao rio. Quando chegue \u00e0 Avenida Santa F\u00e9 \u2013Ponte Pac\u00edfico- continue direito pela Avenida Bullrich. Quando veja a Avenida Del Libertador, continue direito pero Avenida Dorrego at\u00e9 chegar \u00e0 rodovia Lugones. Vire \u00e0 direita. Antes da ponte, vire \u00e0 esquerda na Av. Sarmiento e pegue a Av. Costanera Norte Rafael Obligado at\u00e9 o sul, na dire\u00e7\u00e3o ao centro (Porto de Buenos Aires). Na Rua Jer\u00f4nimo Salguero pegue \u00e0 direita e depois vire \u00e0 esquerda para retomar at\u00e9 o rio. Depois do sinal da Costanera Norte ingresse ao pr\u00e9dio por baixo do portal de acesso.<\/p>\n<p><strong>Op\u00e7\u00e3o rodovia Mariano Moreno:<\/strong> dirija at\u00e9 se conectar com a rodovia 25 de Maio at\u00e9 o ponto de descida da Av. 9 de Julho. Veja desde o Sudoeste.<\/p>\n<\/div>\n<\/div>\n<\/div>\n<\/div>\n<p>[\/vc_toggle][vc_toggle title=&#8221;Desde o Sul-Oeste:&#8221; el_id=&#8221;1489510928155-20f69aa4-8669&#8243;]No caso de voc\u00ea ingressar a Buenos Aires pela rodovia Ricchieri, pegue a rodovia 25 de Maio. Nesse ponto voc\u00ea ter\u00e1 duas op\u00e7\u00f5es: pode descer da Av. Boedo: em Colombres vire \u00e0 esquerda e mantenha se na dire\u00e7\u00e3o este\/rio. Passando a Avenida Rivadavia transforma se em Jer\u00f4nimo Salguero. Continue pela Rua Salguero at\u00e9 o rio ( passe as Avenidas As Heras, Libertador e Figueroa Alcorta). O ingresso ao pr\u00e9dio encontra se na frente onde acaba a Rua Salguero.[\/vc_toggle][vc_toggle title=&#8221;De \u00f3mnibus:&#8221; el_id=&#8221;1489511003122-cb2f09b9-4368&#8243;]<\/p>\n<div class=\"acc-container\">\n<div class=\"content\">\n<div class=\"acc-container\">\n<div class=\"content\">\n<div class=\"acc-container\">\n<div class=\"content\">\n<p><strong>Linha 33:<\/strong><br \/>\nDesde Quilmes at\u00e9 Ciudad Universit\u00e1ria (somente os ramais que dizem \u201cCiudad universiaria\u201d)<\/p>\n<p><strong>Linha 37:<\/strong><br \/>\nDesde Lan\u00fas at\u00e9 Ciudad Universitaria (somente o ramal 4, por Costanera). Ponto na Av. R. Obligado e Sarmiento.<\/p>\n<p><strong>Linha 45:<\/strong><br \/>\nDesde R. de Escalada at\u00e9 Ciudad Universitaria (somente o ramal que diz \u201cCiudad Universitaria\u201d).<\/p>\n<p><strong>Linha 160:<\/strong><br \/>\nDesde Claypole at\u00e9 Ciudad Universitaria (somente o ramal que vai at\u00e9 Ciudad Universitaria). Ponto em Sarmiento com Av. Lugones.<\/p>\n<\/div>\n<\/div>\n<\/div>\n<\/div>\n<\/div>\n<\/div>\n<p>[\/vc_toggle][\/vc_column][\/vc_row]<\/p>\n","protected":false},"excerpt":{"rendered":"<p>[vc_row][vc_column width=&#8221;1\/2&#8243;][vc_gmaps link=&#8221;#E-8_JTNDaWZyYW1lJTIwbWFyZ2luaGVpZ2h0JTNEJTIyMCUyMiUyMG1hcmdpbndpZHRoJTNEJTIyMCUyMiUyMHNjcm9sbGluZyUzRCUyMm5vJTIyJTIwc3JjJTNEJTIyaHR0cHMlM0ElMkYlMkZtYXBzLmdvb2dsZS5jb20uYXIlMkZtYXBzJTNGaWUlM0RVVEY4JTI2YW1wJTNCcSUzRENlbnRybyUyQkNvc3RhJTJCU2FsZ3Vlcm8lMjZhbXAlM0JmYiUzRDElMjZhbXAlM0JnbCUzRGFyJTI2YW1wJTNCaHElM0RwbGFubyUyQmNvbW8lMkJsbGVnYXIlMkJhJTJCY29zdGElMkJzYWxndWVybyUyNmFtcCUzQmNpZCUzRDE2MDAxNjU3NzczNTkyMzUwNjE3JTI2YW1wJTNCbGwlM0QtMzQuNTY5OTMyJTJDLTU4LjM5OTE3OCUyNmFtcCUzQnNwbiUzRDAuMDA2Mjk1JTJDMC4wMDYyOTUlMjZhbXAlM0J0JTNEbSUyNmFtcCUzQm91dHB1dCUzRGVtYmVkJTIyJTIwd2lkdGglM0QlMjI1NTAlMjIlMjBoZWlnaHQlM0QlMjI0MDAlMjIlMjBmcmFtZWJvcmRlciUzRCUyMjAlMjIlM0UlM0MlMkZpZnJhbWUlM0U=&#8221;][\/vc_column][vc_column width=&#8221;1\/2&#8243;][vc_column_text] Como chegar \u00e0 Expo? [\/vc_column_text][vc_empty_space][vc_separator color=&#8221;custom&#8221; accent_color=&#8221;#76c164&#8243;][vc_empty_space][vc_column_text]O pr\u00e9dio da exposi\u00e7\u00e3o Centro Costa Salguero est\u00e1 localizada no bairro de Palermo na Cidade de Buenos Aires na interjei\u00e7\u00e3o da Avenida Costanera Norte Rafael Obligado com a Rua Jer\u00f4nimo Salguero. Pelo setor este limita o Rio da Plata.[\/vc_column_text][\/vc_column][\/vc_row][vc_row][vc_column width=&#8221;1\/4&#8243;][\/vc_column][vc_column [&hellip;]<\/p>\n","protected":false},"author":1,"featured_media":0,"parent":0,"menu_order":0,"comment_status":"closed","ping_status":"closed","template":"","meta":{"_joinchat":[],"footnotes":""},"yoast_head":"<!-- This site is optimized with the Yoast SEO plugin v23.0 - https:\/\/yoast.com\/wordpress\/plugins\/seo\/ -->\n<title>Como chegar - Expo Sign<\/title>\n<meta name=\"robots\" content=\"index, follow, max-snippet:-1, max-image-preview:large, max-video-preview:-1\" \/>\n<link rel=\"canonical\" href=\"https:\/\/www.exposign.com.ar\/br\/como-llegar\/\" \/>\n<meta property=\"og:locale\" content=\"pt_BR\" \/>\n<meta property=\"og:type\" content=\"article\" \/>\n<meta property=\"og:title\" content=\"Como chegar - Expo Sign\" \/>\n<meta property=\"og:description\" content=\"[vc_row][vc_column width=&#8221;1\/2&#8243;][vc_gmaps link=&#8221;#E-8_JTNDaWZyYW1lJTIwbWFyZ2luaGVpZ2h0JTNEJTIyMCUyMiUyMG1hcmdpbndpZHRoJTNEJTIyMCUyMiUyMHNjcm9sbGluZyUzRCUyMm5vJTIyJTIwc3JjJTNEJTIyaHR0cHMlM0ElMkYlMkZtYXBzLmdvb2dsZS5jb20uYXIlMkZtYXBzJTNGaWUlM0RVVEY4JTI2YW1wJTNCcSUzRENlbnRybyUyQkNvc3RhJTJCU2FsZ3Vlcm8lMjZhbXAlM0JmYiUzRDElMjZhbXAlM0JnbCUzRGFyJTI2YW1wJTNCaHElM0RwbGFubyUyQmNvbW8lMkJsbGVnYXIlMkJhJTJCY29zdGElMkJzYWxndWVybyUyNmFtcCUzQmNpZCUzRDE2MDAxNjU3NzczNTkyMzUwNjE3JTI2YW1wJTNCbGwlM0QtMzQuNTY5OTMyJTJDLTU4LjM5OTE3OCUyNmFtcCUzQnNwbiUzRDAuMDA2Mjk1JTJDMC4wMDYyOTUlMjZhbXAlM0J0JTNEbSUyNmFtcCUzQm91dHB1dCUzRGVtYmVkJTIyJTIwd2lkdGglM0QlMjI1NTAlMjIlMjBoZWlnaHQlM0QlMjI0MDAlMjIlMjBmcmFtZWJvcmRlciUzRCUyMjAlMjIlM0UlM0MlMkZpZnJhbWUlM0U=&#8221;][\/vc_column][vc_column width=&#8221;1\/2&#8243;][vc_column_text] Como chegar \u00e0 Expo? [\/vc_column_text][vc_empty_space][vc_separator color=&#8221;custom&#8221; accent_color=&#8221;#76c164&#8243;][vc_empty_space][vc_column_text]O pr\u00e9dio da exposi\u00e7\u00e3o Centro Costa Salguero est\u00e1 localizada no bairro de Palermo na Cidade de Buenos Aires na interjei\u00e7\u00e3o da Avenida Costanera Norte Rafael Obligado com a Rua Jer\u00f4nimo Salguero. Pelo setor este limita o Rio da Plata.[\/vc_column_text][\/vc_column][\/vc_row][vc_row][vc_column width=&#8221;1\/4&#8243;][\/vc_column][vc_column [&hellip;]\" \/>\n<meta property=\"og:url\" content=\"https:\/\/www.exposign.com.ar\/br\/como-llegar\/\" \/>\n<meta property=\"og:site_name\" content=\"Expo Sign\" \/>\n<meta property=\"article:modified_time\" content=\"2017-10-24T20:16:00+00:00\" \/>\n<meta name=\"twitter:card\" content=\"summary_large_image\" \/>\n<meta name=\"twitter:label1\" content=\"Est. tempo de leitura\" \/>\n\t<meta name=\"twitter:data1\" content=\"5 minutos\" \/>\n<script type=\"application\/ld+json\" class=\"yoast-schema-graph\">{\"@context\":\"https:\/\/schema.org\",\"@graph\":[{\"@type\":\"WebPage\",\"@id\":\"https:\/\/www.exposign.com.ar\/br\/como-llegar\/\",\"url\":\"https:\/\/www.exposign.com.ar\/br\/como-llegar\/\",\"name\":\"Como chegar - Expo Sign\",\"isPartOf\":{\"@id\":\"https:\/\/www.exposign.com.ar\/#website\"},\"datePublished\":\"2017-03-14T17:04:10+00:00\",\"dateModified\":\"2017-10-24T20:16:00+00:00\",\"breadcrumb\":{\"@id\":\"https:\/\/www.exposign.com.ar\/br\/como-llegar\/#breadcrumb\"},\"inLanguage\":\"pt-BR\",\"potentialAction\":[{\"@type\":\"ReadAction\",\"target\":[\"https:\/\/www.exposign.com.ar\/br\/como-llegar\/\"]}]},{\"@type\":\"BreadcrumbList\",\"@id\":\"https:\/\/www.exposign.com.ar\/br\/como-llegar\/#breadcrumb\",\"itemListElement\":[{\"@type\":\"ListItem\",\"position\":1,\"name\":\"Portada\",\"item\":\"https:\/\/www.exposign.com.ar\/br\/\"},{\"@type\":\"ListItem\",\"position\":2,\"name\":\"Como chegar\"}]},{\"@type\":\"WebSite\",\"@id\":\"https:\/\/www.exposign.com.ar\/#website\",\"url\":\"https:\/\/www.exposign.com.ar\/\",\"name\":\"Expo Sign\",\"description\":\"\",\"potentialAction\":[{\"@type\":\"SearchAction\",\"target\":{\"@type\":\"EntryPoint\",\"urlTemplate\":\"https:\/\/www.exposign.com.ar\/?s={search_term_string}\"},\"query-input\":\"required name=search_term_string\"}],\"inLanguage\":\"pt-BR\"}]}<\/script>\n<!-- \/ Yoast SEO plugin. -->","yoast_head_json":{"title":"Como chegar - Expo Sign","robots":{"index":"index","follow":"follow","max-snippet":"max-snippet:-1","max-image-preview":"max-image-preview:large","max-video-preview":"max-video-preview:-1"},"canonical":"https:\/\/www.exposign.com.ar\/br\/como-llegar\/","og_locale":"pt_BR","og_type":"article","og_title":"Como chegar - Expo Sign","og_description":"[vc_row][vc_column width=&#8221;1\/2&#8243;][vc_gmaps link=&#8221;#E-8_JTNDaWZyYW1lJTIwbWFyZ2luaGVpZ2h0JTNEJTIyMCUyMiUyMG1hcmdpbndpZHRoJTNEJTIyMCUyMiUyMHNjcm9sbGluZyUzRCUyMm5vJTIyJTIwc3JjJTNEJTIyaHR0cHMlM0ElMkYlMkZtYXBzLmdvb2dsZS5jb20uYXIlMkZtYXBzJTNGaWUlM0RVVEY4JTI2YW1wJTNCcSUzRENlbnRybyUyQkNvc3RhJTJCU2FsZ3Vlcm8lMjZhbXAlM0JmYiUzRDElMjZhbXAlM0JnbCUzRGFyJTI2YW1wJTNCaHElM0RwbGFubyUyQmNvbW8lMkJsbGVnYXIlMkJhJTJCY29zdGElMkJzYWxndWVybyUyNmFtcCUzQmNpZCUzRDE2MDAxNjU3NzczNTkyMzUwNjE3JTI2YW1wJTNCbGwlM0QtMzQuNTY5OTMyJTJDLTU4LjM5OTE3OCUyNmFtcCUzQnNwbiUzRDAuMDA2Mjk1JTJDMC4wMDYyOTUlMjZhbXAlM0J0JTNEbSUyNmFtcCUzQm91dHB1dCUzRGVtYmVkJTIyJTIwd2lkdGglM0QlMjI1NTAlMjIlMjBoZWlnaHQlM0QlMjI0MDAlMjIlMjBmcmFtZWJvcmRlciUzRCUyMjAlMjIlM0UlM0MlMkZpZnJhbWUlM0U=&#8221;][\/vc_column][vc_column width=&#8221;1\/2&#8243;][vc_column_text] Como chegar \u00e0 Expo? [\/vc_column_text][vc_empty_space][vc_separator color=&#8221;custom&#8221; accent_color=&#8221;#76c164&#8243;][vc_empty_space][vc_column_text]O pr\u00e9dio da exposi\u00e7\u00e3o Centro Costa Salguero est\u00e1 localizada no bairro de Palermo na Cidade de Buenos Aires na interjei\u00e7\u00e3o da Avenida Costanera Norte Rafael Obligado com a Rua Jer\u00f4nimo Salguero. Pelo setor este limita o Rio da Plata.[\/vc_column_text][\/vc_column][\/vc_row][vc_row][vc_column width=&#8221;1\/4&#8243;][\/vc_column][vc_column [&hellip;]","og_url":"https:\/\/www.exposign.com.ar\/br\/como-llegar\/","og_site_name":"Expo Sign","article_modified_time":"2017-10-24T20:16:00+00:00","twitter_card":"summary_large_image","twitter_misc":{"Est. tempo de leitura":"5 minutos"},"schema":{"@context":"https:\/\/schema.org","@graph":[{"@type":"WebPage","@id":"https:\/\/www.exposign.com.ar\/br\/como-llegar\/","url":"https:\/\/www.exposign.com.ar\/br\/como-llegar\/","name":"Como chegar - Expo Sign","isPartOf":{"@id":"https:\/\/www.exposign.com.ar\/#website"},"datePublished":"2017-03-14T17:04:10+00:00","dateModified":"2017-10-24T20:16:00+00:00","breadcrumb":{"@id":"https:\/\/www.exposign.com.ar\/br\/como-llegar\/#breadcrumb"},"inLanguage":"pt-BR","potentialAction":[{"@type":"ReadAction","target":["https:\/\/www.exposign.com.ar\/br\/como-llegar\/"]}]},{"@type":"BreadcrumbList","@id":"https:\/\/www.exposign.com.ar\/br\/como-llegar\/#breadcrumb","itemListElement":[{"@type":"ListItem","position":1,"name":"Portada","item":"https:\/\/www.exposign.com.ar\/br\/"},{"@type":"ListItem","position":2,"name":"Como chegar"}]},{"@type":"WebSite","@id":"https:\/\/www.exposign.com.ar\/#website","url":"https:\/\/www.exposign.com.ar\/","name":"Expo Sign","description":"","potentialAction":[{"@type":"SearchAction","target":{"@type":"EntryPoint","urlTemplate":"https:\/\/www.exposign.com.ar\/?s={search_term_string}"},"query-input":"required name=search_term_string"}],"inLanguage":"pt-BR"}]}},"_links":{"self":[{"href":"https:\/\/www.exposign.com.ar\/br\/wp-json\/wp\/v2\/pages\/6616"}],"collection":[{"href":"https:\/\/www.exposign.com.ar\/br\/wp-json\/wp\/v2\/pages"}],"about":[{"href":"https:\/\/www.exposign.com.ar\/br\/wp-json\/wp\/v2\/types\/page"}],"author":[{"embeddable":true,"href":"https:\/\/www.exposign.com.ar\/br\/wp-json\/wp\/v2\/users\/1"}],"replies":[{"embeddable":true,"href":"https:\/\/www.exposign.com.ar\/br\/wp-json\/wp\/v2\/comments?post=6616"}],"version-history":[{"count":0,"href":"https:\/\/www.exposign.com.ar\/br\/wp-json\/wp\/v2\/pages\/6616\/revisions"}],"wp:attachment":[{"href":"https:\/\/www.exposign.com.ar\/br\/wp-json\/wp\/v2\/media?parent=6616"}],"curies":[{"name":"wp","href":"https:\/\/api.w.org\/{rel}","templated":true}]}}