{"id":6609,"date":"2017-10-23T20:22:30","date_gmt":"2017-10-23T20:22:30","guid":{"rendered":"http:\/\/www.exposign.com.ar\/?page_id=6609\/"},"modified":"2022-10-28T11:33:23","modified_gmt":"2022-10-28T14:33:23","slug":"la-expo-en-numeros","status":"publish","type":"page","link":"https:\/\/www.exposign.com.ar\/br\/la-expo-en-numeros\/","title":{"rendered":"A Expo em n\u00fameros"},"content":{"rendered":"<p>[vc_row][vc_column][vc_column_text]<\/p>\n<h2 style=\"text-align: center;\">Recebam <span style=\"font-weight: 800; color: #f3c629;\">17.000 clientes<\/span> em <span style=\"font-weight: 800; color: #f3c629;\">3 dias<\/span>.<\/h2>\n<p>[\/vc_column_text][vc_empty_space][vc_separator color=&#8221;custom&#8221; el_width=&#8221;50&#8243; accent_color=&#8221;#d90a6c&#8221;][vc_empty_space][vc_column_text]<\/p>\n<h3 style=\"text-align: center;\">Apresentem <span style=\"font-weight: 800; color: #f3c629;\">sua solu\u00e7\u00e3o \u00e0 ind\u00fastria<\/span>.<\/h3>\n<p>[\/vc_column_text][vc_empty_space height=&#8221;64px&#8221;][\/vc_column][\/vc_row][vc_row][vc_column width=&#8221;1\/2&#8243;][vc_custom_heading text=&#8221;\u203a Resultados 2022&#8243; font_container=&#8221;tag:h2|text_align:center|color:%23d90a6c&#8221; google_fonts=&#8221;font_family:Lato%3A100%2C100italic%2C300%2C300italic%2Cregular%2Citalic%2C700%2C700italic%2C900%2C900italic|font_style:400%20regular%3A400%3Anormal&#8221;][vc_empty_space][vc_separator color=&#8221;custom&#8221; accent_color=&#8221;#F3C629&#8243; css=&#8221;.vc_custom_1489512704979{padding-bottom: 5px !important;}&#8221;][vc_row_inner][vc_column_inner width=&#8221;1\/4&#8243;][vc_column_text]<\/p>\n<p style=\"padding-top: 10px;\"><span style=\"font-size: 45px; color: #f3c629; font-weight: 600;\">8.300<\/span><\/p>\n<p>[\/vc_column_text][\/vc_column_inner][vc_column_inner width=&#8221;3\/4&#8243;][vc_column_text]<span style=\"color: #f3c629; font-size: 16px; font-weight: 800;\">\u00c1rea de exibi\u00e7\u00e3o<\/span><br \/>\n[\/vc_column_text][\/vc_column_inner][\/vc_row_inner][vc_separator color=&#8221;custom&#8221; accent_color=&#8221;#F3C629&#8243;][vc_row_inner][vc_column_inner width=&#8221;1\/4&#8243;][vc_column_text]<\/p>\n<p style=\"padding-top: 10px;\"><span style=\"font-size: 45px; color: #f3c629; font-weight: 600;\">122<\/span><\/p>\n<p>[\/vc_column_text][\/vc_column_inner][vc_column_inner width=&#8221;3\/4&#8243;][vc_column_text]<span style=\"color: #f3c629; font-size: 16px; font-weight: 800;\">Quantidade de expositores<\/span><br \/>\n[\/vc_column_text][\/vc_column_inner][\/vc_row_inner][vc_separator color=&#8221;custom&#8221; accent_color=&#8221;#F3C629&#8243;][vc_row_inner][vc_column_inner width=&#8221;1\/4&#8243;][vc_column_text]<\/p>\n<p style=\"padding-top: 10px;\"><span style=\"font-size: 45px; color: #f3c629; font-weight: 600;\">17.224<\/span><\/p>\n<p>[\/vc_column_text][\/vc_column_inner][vc_column_inner width=&#8221;3\/4&#8243;][vc_column_text]<span style=\"color: #f3c629; font-size: 16px; font-weight: 800;\">Quantidade de visitantes<\/span>[\/vc_column_text][\/vc_column_inner][\/vc_row_inner][vc_separator color=&#8221;custom&#8221; accent_color=&#8221;#F3C629&#8243;][\/vc_column][vc_column width=&#8221;1\/2&#8243;][vc_custom_heading text=&#8221;\u203a Proje\u00e7\u00f5es 2023&#8243; font_container=&#8221;tag:h2|text_align:center|color:%23d90a6c&#8221; google_fonts=&#8221;font_family:Lato%3A100%2C100italic%2C300%2C300italic%2Cregular%2Citalic%2C700%2C700italic%2C900%2C900italic|font_style:400%20regular%3A400%3Anormal&#8221;][vc_empty_space][vc_separator color=&#8221;custom&#8221; accent_color=&#8221;#F3C629&#8243; css=&#8221;.vc_custom_1489512704979{padding-bottom: 5px !important;}&#8221;][vc_row_inner][vc_column_inner width=&#8221;1\/3&#8243;][vc_column_text]<\/p>\n<p style=\"padding-top: 10px;\"><span style=\"font-size: 45px; color: #f3c629; font-weight: 600;\">9.500<\/span><\/p>\n<p>[\/vc_column_text][\/vc_column_inner][vc_column_inner width=&#8221;2\/3&#8243;][vc_column_text]<span style=\"color: #f3c629; font-size: 16px; font-weight: 800;\">\u00c1rea de \u00c1rea de exibi\u00e7\u00e3o<\/span><br \/>\n[\/vc_column_text][\/vc_column_inner][\/vc_row_inner][vc_separator color=&#8221;custom&#8221; accent_color=&#8221;#F3C629&#8243;][vc_row_inner][vc_column_inner width=&#8221;1\/3&#8243;][vc_column_text]<\/p>\n<p style=\"padding-top: 10px;\"><span style=\"font-size: 45px; color: #f3c629; font-weight: 600;\">150<\/span><\/p>\n<p>[\/vc_column_text][\/vc_column_inner][vc_column_inner width=&#8221;2\/3&#8243;][vc_column_text]<span style=\"color: #f3c629; font-size: 16px; font-weight: 800;\">Quantidade de Expositores<\/span>[\/vc_column_text][\/vc_column_inner][\/vc_row_inner][vc_separator color=&#8221;custom&#8221; accent_color=&#8221;#F3C629&#8243;][vc_row_inner][vc_column_inner width=&#8221;1\/3&#8243;][vc_column_text]<\/p>\n<p style=\"padding-top: 10px;\"><span style=\"font-size: 45px; color: #f3c629; font-weight: 600;\">18.500<\/span><\/p>\n<p>[\/vc_column_text][\/vc_column_inner][vc_column_inner width=&#8221;2\/3&#8243;][vc_column_text]<span style=\"color: #f3c629; font-size: 16px; font-weight: 800;\">Quantidade de visitantes<\/span>[\/vc_column_text][\/vc_column_inner][\/vc_row_inner][vc_separator color=&#8221;custom&#8221; accent_color=&#8221;#F3C629&#8243;][\/vc_column][\/vc_row]<\/p>\n","protected":false},"excerpt":{"rendered":"<p>[vc_row][vc_column][vc_column_text] Recebam 17.000 clientes em 3 dias. [\/vc_column_text][vc_empty_space][vc_separator color=&#8221;custom&#8221; el_width=&#8221;50&#8243; accent_color=&#8221;#d90a6c&#8221;][vc_empty_space][vc_column_text] Apresentem sua solu\u00e7\u00e3o \u00e0 ind\u00fastria. [\/vc_column_text][vc_empty_space height=&#8221;64px&#8221;][\/vc_column][\/vc_row][vc_row][vc_column width=&#8221;1\/2&#8243;][vc_custom_heading text=&#8221;\u203a Resultados 2022&#8243; font_container=&#8221;tag:h2|text_align:center|color:%23d90a6c&#8221; google_fonts=&#8221;font_family:Lato%3A100%2C100italic%2C300%2C300italic%2Cregular%2Citalic%2C700%2C700italic%2C900%2C900italic|font_style:400%20regular%3A400%3Anormal&#8221;][vc_empty_space][vc_separator color=&#8221;custom&#8221; accent_color=&#8221;#F3C629&#8243; css=&#8221;.vc_custom_1489512704979{padding-bottom: 5px !important;}&#8221;][vc_row_inner][vc_column_inner width=&#8221;1\/4&#8243;][vc_column_text] 8.300 [\/vc_column_text][\/vc_column_inner][vc_column_inner width=&#8221;3\/4&#8243;][vc_column_text]\u00c1rea de exibi\u00e7\u00e3o [\/vc_column_text][\/vc_column_inner][\/vc_row_inner][vc_separator color=&#8221;custom&#8221; accent_color=&#8221;#F3C629&#8243;][vc_row_inner][vc_column_inner width=&#8221;1\/4&#8243;][vc_column_text] 122 [\/vc_column_text][\/vc_column_inner][vc_column_inner width=&#8221;3\/4&#8243;][vc_column_text]Quantidade de expositores [\/vc_column_text][\/vc_column_inner][\/vc_row_inner][vc_separator color=&#8221;custom&#8221; accent_color=&#8221;#F3C629&#8243;][vc_row_inner][vc_column_inner width=&#8221;1\/4&#8243;][vc_column_text] 17.224 [\/vc_column_text][\/vc_column_inner][vc_column_inner [&hellip;]<\/p>\n","protected":false},"author":3,"featured_media":0,"parent":0,"menu_order":0,"comment_status":"closed","ping_status":"closed","template":"","meta":{"_joinchat":[],"footnotes":""},"class_list":["post-6609","page","type-page","status-publish","hentry"],"yoast_head":"<!-- This site is optimized with the Yoast SEO plugin v23.0 - https:\/\/yoast.com\/wordpress\/plugins\/seo\/ -->\n<title>A Expo em n\u00fameros - Expo Sign<\/title>\n<meta name=\"robots\" content=\"index, follow, max-snippet:-1, max-image-preview:large, max-video-preview:-1\" \/>\n<link rel=\"canonical\" href=\"https:\/\/www.exposign.com.ar\/br\/la-expo-en-numeros\/\" \/>\n<meta property=\"og:locale\" content=\"pt_BR\" \/>\n<meta property=\"og:type\" content=\"article\" \/>\n<meta property=\"og:title\" content=\"A Expo em n\u00fameros - Expo Sign\" \/>\n<meta property=\"og:description\" content=\"[vc_row][vc_column][vc_column_text] Recebam 17.000 clientes em 3 dias. [\/vc_column_text][vc_empty_space][vc_separator color=&#8221;custom&#8221; el_width=&#8221;50&#8243; accent_color=&#8221;#d90a6c&#8221;][vc_empty_space][vc_column_text] Apresentem sua solu\u00e7\u00e3o \u00e0 ind\u00fastria. [\/vc_column_text][vc_empty_space height=&#8221;64px&#8221;][\/vc_column][\/vc_row][vc_row][vc_column width=&#8221;1\/2&#8243;][vc_custom_heading text=&#8221;\u203a Resultados 2022&#8243; font_container=&#8221;tag:h2|text_align:center|color:%23d90a6c&#8221; google_fonts=&#8221;font_family:Lato%3A100%2C100italic%2C300%2C300italic%2Cregular%2Citalic%2C700%2C700italic%2C900%2C900italic|font_style:400%20regular%3A400%3Anormal&#8221;][vc_empty_space][vc_separator color=&#8221;custom&#8221; accent_color=&#8221;#F3C629&#8243; css=&#8221;.vc_custom_1489512704979{padding-bottom: 5px !important;}&#8221;][vc_row_inner][vc_column_inner width=&#8221;1\/4&#8243;][vc_column_text] 8.300 [\/vc_column_text][\/vc_column_inner][vc_column_inner width=&#8221;3\/4&#8243;][vc_column_text]\u00c1rea de exibi\u00e7\u00e3o [\/vc_column_text][\/vc_column_inner][\/vc_row_inner][vc_separator color=&#8221;custom&#8221; accent_color=&#8221;#F3C629&#8243;][vc_row_inner][vc_column_inner width=&#8221;1\/4&#8243;][vc_column_text] 122 [\/vc_column_text][\/vc_column_inner][vc_column_inner width=&#8221;3\/4&#8243;][vc_column_text]Quantidade de expositores [\/vc_column_text][\/vc_column_inner][\/vc_row_inner][vc_separator color=&#8221;custom&#8221; accent_color=&#8221;#F3C629&#8243;][vc_row_inner][vc_column_inner width=&#8221;1\/4&#8243;][vc_column_text] 17.224 [\/vc_column_text][\/vc_column_inner][vc_column_inner [&hellip;]\" \/>\n<meta property=\"og:url\" content=\"https:\/\/www.exposign.com.ar\/br\/la-expo-en-numeros\/\" \/>\n<meta property=\"og:site_name\" content=\"Expo Sign\" \/>\n<meta property=\"article:modified_time\" content=\"2022-10-28T14:33:23+00:00\" \/>\n<meta name=\"twitter:card\" content=\"summary_large_image\" \/>\n<meta name=\"twitter:label1\" content=\"Est. tempo de leitura\" \/>\n\t<meta name=\"twitter:data1\" content=\"1 minuto\" \/>\n<script type=\"application\/ld+json\" class=\"yoast-schema-graph\">{\"@context\":\"https:\/\/schema.org\",\"@graph\":[{\"@type\":\"WebPage\",\"@id\":\"https:\/\/www.exposign.com.ar\/br\/la-expo-en-numeros\/\",\"url\":\"https:\/\/www.exposign.com.ar\/br\/la-expo-en-numeros\/\",\"name\":\"A Expo em n\u00fameros - Expo Sign\",\"isPartOf\":{\"@id\":\"https:\/\/www.exposign.com.ar\/#website\"},\"datePublished\":\"2017-10-23T20:22:30+00:00\",\"dateModified\":\"2022-10-28T14:33:23+00:00\",\"breadcrumb\":{\"@id\":\"https:\/\/www.exposign.com.ar\/br\/la-expo-en-numeros\/#breadcrumb\"},\"inLanguage\":\"pt-BR\",\"potentialAction\":[{\"@type\":\"ReadAction\",\"target\":[\"https:\/\/www.exposign.com.ar\/br\/la-expo-en-numeros\/\"]}]},{\"@type\":\"BreadcrumbList\",\"@id\":\"https:\/\/www.exposign.com.ar\/br\/la-expo-en-numeros\/#breadcrumb\",\"itemListElement\":[{\"@type\":\"ListItem\",\"position\":1,\"name\":\"Portada\",\"item\":\"https:\/\/www.exposign.com.ar\/br\/\"},{\"@type\":\"ListItem\",\"position\":2,\"name\":\"A Expo em n\u00fameros\"}]},{\"@type\":\"WebSite\",\"@id\":\"https:\/\/www.exposign.com.ar\/#website\",\"url\":\"https:\/\/www.exposign.com.ar\/\",\"name\":\"Expo Sign\",\"description\":\"\",\"potentialAction\":[{\"@type\":\"SearchAction\",\"target\":{\"@type\":\"EntryPoint\",\"urlTemplate\":\"https:\/\/www.exposign.com.ar\/?s={search_term_string}\"},\"query-input\":\"required name=search_term_string\"}],\"inLanguage\":\"pt-BR\"}]}<\/script>\n<!-- \/ Yoast SEO plugin. -->","yoast_head_json":{"title":"A Expo em n\u00fameros - Expo Sign","robots":{"index":"index","follow":"follow","max-snippet":"max-snippet:-1","max-image-preview":"max-image-preview:large","max-video-preview":"max-video-preview:-1"},"canonical":"https:\/\/www.exposign.com.ar\/br\/la-expo-en-numeros\/","og_locale":"pt_BR","og_type":"article","og_title":"A Expo em n\u00fameros - Expo Sign","og_description":"[vc_row][vc_column][vc_column_text] Recebam 17.000 clientes em 3 dias. [\/vc_column_text][vc_empty_space][vc_separator color=&#8221;custom&#8221; el_width=&#8221;50&#8243; accent_color=&#8221;#d90a6c&#8221;][vc_empty_space][vc_column_text] Apresentem sua solu\u00e7\u00e3o \u00e0 ind\u00fastria. [\/vc_column_text][vc_empty_space height=&#8221;64px&#8221;][\/vc_column][\/vc_row][vc_row][vc_column width=&#8221;1\/2&#8243;][vc_custom_heading text=&#8221;\u203a Resultados 2022&#8243; font_container=&#8221;tag:h2|text_align:center|color:%23d90a6c&#8221; google_fonts=&#8221;font_family:Lato%3A100%2C100italic%2C300%2C300italic%2Cregular%2Citalic%2C700%2C700italic%2C900%2C900italic|font_style:400%20regular%3A400%3Anormal&#8221;][vc_empty_space][vc_separator color=&#8221;custom&#8221; accent_color=&#8221;#F3C629&#8243; css=&#8221;.vc_custom_1489512704979{padding-bottom: 5px !important;}&#8221;][vc_row_inner][vc_column_inner width=&#8221;1\/4&#8243;][vc_column_text] 8.300 [\/vc_column_text][\/vc_column_inner][vc_column_inner width=&#8221;3\/4&#8243;][vc_column_text]\u00c1rea de exibi\u00e7\u00e3o [\/vc_column_text][\/vc_column_inner][\/vc_row_inner][vc_separator color=&#8221;custom&#8221; accent_color=&#8221;#F3C629&#8243;][vc_row_inner][vc_column_inner width=&#8221;1\/4&#8243;][vc_column_text] 122 [\/vc_column_text][\/vc_column_inner][vc_column_inner width=&#8221;3\/4&#8243;][vc_column_text]Quantidade de expositores [\/vc_column_text][\/vc_column_inner][\/vc_row_inner][vc_separator color=&#8221;custom&#8221; accent_color=&#8221;#F3C629&#8243;][vc_row_inner][vc_column_inner width=&#8221;1\/4&#8243;][vc_column_text] 17.224 [\/vc_column_text][\/vc_column_inner][vc_column_inner [&hellip;]","og_url":"https:\/\/www.exposign.com.ar\/br\/la-expo-en-numeros\/","og_site_name":"Expo Sign","article_modified_time":"2022-10-28T14:33:23+00:00","twitter_card":"summary_large_image","twitter_misc":{"Est. tempo de leitura":"1 minuto"},"schema":{"@context":"https:\/\/schema.org","@graph":[{"@type":"WebPage","@id":"https:\/\/www.exposign.com.ar\/br\/la-expo-en-numeros\/","url":"https:\/\/www.exposign.com.ar\/br\/la-expo-en-numeros\/","name":"A Expo em n\u00fameros - Expo Sign","isPartOf":{"@id":"https:\/\/www.exposign.com.ar\/#website"},"datePublished":"2017-10-23T20:22:30+00:00","dateModified":"2022-10-28T14:33:23+00:00","breadcrumb":{"@id":"https:\/\/www.exposign.com.ar\/br\/la-expo-en-numeros\/#breadcrumb"},"inLanguage":"pt-BR","potentialAction":[{"@type":"ReadAction","target":["https:\/\/www.exposign.com.ar\/br\/la-expo-en-numeros\/"]}]},{"@type":"BreadcrumbList","@id":"https:\/\/www.exposign.com.ar\/br\/la-expo-en-numeros\/#breadcrumb","itemListElement":[{"@type":"ListItem","position":1,"name":"Portada","item":"https:\/\/www.exposign.com.ar\/br\/"},{"@type":"ListItem","position":2,"name":"A Expo em n\u00fameros"}]},{"@type":"WebSite","@id":"https:\/\/www.exposign.com.ar\/#website","url":"https:\/\/www.exposign.com.ar\/","name":"Expo Sign","description":"","potentialAction":[{"@type":"SearchAction","target":{"@type":"EntryPoint","urlTemplate":"https:\/\/www.exposign.com.ar\/?s={search_term_string}"},"query-input":"required name=search_term_string"}],"inLanguage":"pt-BR"}]}},"_links":{"self":[{"href":"https:\/\/www.exposign.com.ar\/br\/wp-json\/wp\/v2\/pages\/6609","targetHints":{"allow":["GET"]}}],"collection":[{"href":"https:\/\/www.exposign.com.ar\/br\/wp-json\/wp\/v2\/pages"}],"about":[{"href":"https:\/\/www.exposign.com.ar\/br\/wp-json\/wp\/v2\/types\/page"}],"author":[{"embeddable":true,"href":"https:\/\/www.exposign.com.ar\/br\/wp-json\/wp\/v2\/users\/3"}],"replies":[{"embeddable":true,"href":"https:\/\/www.exposign.com.ar\/br\/wp-json\/wp\/v2\/comments?post=6609"}],"version-history":[{"count":2,"href":"https:\/\/www.exposign.com.ar\/br\/wp-json\/wp\/v2\/pages\/6609\/revisions"}],"predecessor-version":[{"id":11874,"href":"https:\/\/www.exposign.com.ar\/br\/wp-json\/wp\/v2\/pages\/6609\/revisions\/11874"}],"wp:attachment":[{"href":"https:\/\/www.exposign.com.ar\/br\/wp-json\/wp\/v2\/media?parent=6609"}],"curies":[{"name":"wp","href":"https:\/\/api.w.org\/{rel}","templated":true}]}}